{"id":62,"date":"2021-10-05T19:36:22","date_gmt":"2021-10-05T17:36:22","guid":{"rendered":"https:\/\/jl41336.web.amu.edu.pl\/opis-projektu\/?page_id=62"},"modified":"2024-08-10T13:42:31","modified_gmt":"2024-08-10T11:42:31","slug":"publications","status":"publish","type":"page","link":"https:\/\/tissueeng.amu.edu.pl\/opis-projektu\/projects\/publications\/","title":{"rendered":"Publications"},"content":{"rendered":"\n<p><strong>There is a new Jagoda Lab website &#8211; the site has been moved to <a href=\"https:\/\/jagodalab.amu.edu.pl\/cooperation\/\">https:\/\/jagodalab.amu.edu.pl\/cooperation\/<\/a><\/strong><\/p>\n\n\n\n<ol>\n<li><em><u>Micro\/nano-patterns for enhancing differentiation of human neural stem cells and fabrication of nerve conduits via soft lithography and 3D printing;<\/u><\/em> <strong> Litowczenko<\/strong>, JK. Wychowaniec, K. Za\u0142\u0119ski, \u0141. Marczak, CJC. Edwards-Gayle, K. Tadyszak, BM Maciejewska <strong><em>Biomaterials Advances Volume 154, November 2023, Formerly known as Materials Science and Engineering: C, doi: 10.1016\/j.bioadv.2023.213653<\/em><\/strong><em>2021 <\/em>(<em>8.724 IF<\/em>).<\/li>\n<li><em><u>Milestones and current achievements in development of multifunctional bioscaffolds for medical application;<\/u><\/em> <strong> Litowczenko<\/strong>, MJ. Wo\u017aniak-Budych, K. Staszak, K. Wieszczycka, S. Jurga, B. Tylkowski doi:10.1016\/j.bioactmat.2021.01.007 <strong><em>Bioactive Materials, <\/em><\/strong><em>2021 <\/em>(<em>18.9 IF<\/em>).<\/li>\n<li><em><u>Synthesis, characterization and in vitro cytotoxicity studies of poly-N-isopropyl acrylamide gel nanoparticles and films<\/u><\/em><em>;<\/em><strong> Litowczenko<\/strong>, J. Gapi\u0144ski, R. Markiewicz, A. Wo\u017aniak, J. Wychowaniec, B. Pepli\u0144ska, S. Jurga, A Patkowski; doi:10.1016\/j.msec.2020.111507; <strong><em>Materials Science and Engineering: C Materials for Biological Applications, 2020<\/em><\/strong> (<em>8.72 IF<\/em>).<\/li>\n<li><em>Unique cellular network formation guided by heterostructures based on reduced graphene oxide &#8211; Ti3C2Tx MXene hydrogels;<\/em> Wychowaniec*, <strong>J. Litowczenko<\/strong>*, K. Tadyszak, V. Natu, C. Aparicio, B. Pepli\u0144ska, M. W. Barsoum, M. Otyepka, B. Scheibe*; <a href=\"https:\/\/doi.org\/10.1016\/j.actbio.2020.08.010\">doi.org\/10.1016\/j.actbio.2020.08.010<\/a><strong><em> Acta Biomaterialia<\/em><\/strong>, 2020 (9.7 IF) <sup>\u2666<\/sup>These authors contributed equally to this work. *corresponding authors<\/li>\n<li><em><u>Groove-patterned surfaces induce morphological changes in cells of neuronal origin<\/u><\/em><u>;<\/u> <strong>J. Litowczenko<\/strong><strong><sup>\u2666<\/sup><\/strong>, BM. Maciejewska<sup>\u2666<\/sup>, JK. Wychowaniec, M. Ko\u015bci\u0144ski, A. Go\u017adzicka-J\u00f3zefiak, S. Jurga, A. Warowicka. doi: 10.1002\/jbm.a.36733 <strong><em>Journal of Biomedical Materials Research Part A<\/em><\/strong>., 2019 (4.9 IF)<u><\/u><\/li>\n<li><em><u>Fabricating versatile cell supports from nano- and micro-sized graphene oxide flakes<\/u><\/em><u>;<\/u> Wychowaniec<strong><sup>\u2666<\/sup><\/strong><strong>, <br>J. Litowczenko<\/strong><strong><sup>\u2666<\/sup><\/strong>, K. Tadyszak; doi: 10.1016\/j.jmbbm.2019.103594 <strong><em>Journal of the Mechanical Behavior of Biomedical Materials, 2020<\/em><\/strong> (4.042 IF) <sup>\u2666<\/sup>These authors contributed equally to this work.<\/li>\n<li><em><u>Surface functionalization\u2013The way for advanced applications of smart materials;<\/u><\/em> Wieszczycka, K. Staszak, MJ. Wo\u017aniak-Budych, <strong>J. Litowczenko<\/strong>, BM. Maciejewska, S. Jurga, https:\/\/doi.org\/10.1016\/j.ccr.2021.213846<strong><em>, Coordination Chemistry Reviews, <\/em><\/strong><em>2021 <\/em>(<em>20.6 IF<\/em>).<\/li>\n<li><em><u>Novel nanosystems to enhance biological activity of hydroxyapatite against dental caries;<\/u><\/em> N Babayevska, M Wo\u017aniak-Budych, J Litowczenko, B Pepli\u0144ska, M Jarek, doi: 1016\/j.msec.2021.112062, P. Florczak, G. Bartkowiak, B. Czarnecka, S. Jurga, <strong><em>Materials Science and Engineering: C <\/em><\/strong>(<em>8.457 IF<\/em>).<\/li>\n<li><em><u>Designing biocompatible spin-coated multiwall carbon nanotubes-polymer composite coatings<\/u><\/em>; D. Maziukiewicz, BM. Maciejewska, <strong> Litowczenko<\/strong>, M. Ko\u015bci\u0144ski, A. Warowicka, JK. Wychowaniec, S. Jurga; doi: 10.1016\/j.surfcoat.2019.125199; <strong><em>Surface and Coatings Technology, 2020<\/em><\/strong> (5.4 IF)<\/li>\n<li><em><u>Cytotoxicity of versatile nano-micro-particles based on hierarchical flower-like ZnO<\/u><\/em>; N. Babayevska, <strong>Litowczenko<\/strong><sup>\u2666<\/sup>*, JK. Wychowaniec<sup>\u2666<\/sup>*, I. Iatsunskyi, M. Jarek, P. Florczak, S. Jurga; doi: 10.1016\/j.apt.2019.10.03; <strong><em>Advanced Powder Technology, 2020<\/em><\/strong> (5.2 IF) <sup>\u2666<\/sup>These authors contributed equally to this work, *corresponding author<\/li>\n<li><em><u>UV cross-linked polyvinylpyrrolidone electrospun fibres as antibacterial surfaces<\/u><\/em><u>;<\/u> Maciejewska, JK. Wychowaniec, M. Wo\u017aniak-Budych, \u0141. Popenda, A. Warowicka, K. Golba, <strong>J. Litowczenko<\/strong>, Z. Fojud, B. Wereszczy\u0144ska, S. Jurga; doi: 10.1080\/14686996.2019.1667737; <strong><em>Science and Technology of Advanced Materials, 2019 <\/em><\/strong>(5.8 IF)<\/li>\n<li><em><u>Sucrose based cellular glassy carbon for biological applications<\/u><\/em>; K. Tadyszak*, <strong> Litowczenko<\/strong>*, \u0141. Majchrzycki, P. Je\u017cowski, K. Za\u0142\u0119ski, B. Scheibe; doi: 10.1016\/j.matchemphys.2019.122033; <strong><em>Materials Chemistry and Physics 2020<\/em><\/strong> (4.6 IF) *corresponding authors<\/li>\n<li><em><u>Biomedical Applications of Graphene-Based Structures<\/u><\/em><em>; <\/em> Tadyszak, J. Wychowaniec, <strong>J. Litowczenko<\/strong>; <em><strong>Nanomaterials,<\/strong><\/em><strong><em>2018<\/em><\/strong>,&nbsp;<em>8<\/em>(11), 944; <em>doi: 10.3390\/<\/em>nano8110944 (5.4 IF)<\/li>\n<li><em><u>MWCNT based matrices as a platform for adhesion and growth of cells<\/u><\/em><u>;<\/u> Warowicka<sup>\u2666<\/sup>, BM. Maciejewska<strong><sup>\u2666<\/sup>, J. Litowczenko<\/strong>, M. Koscinski, A. Baranowka-Korczyc, M. Jasiurkowska-Delaporte, KK. <em>Koziol, S. Jurga; <strong>Composites Science and Technology, <\/strong><\/em><strong>2016<\/strong>; doi: 10.1016\/j.compscitech.2016.09.026 (9.1 IF) <sup>&nbsp;<\/sup><sup>\u2666<\/sup>These authors contributed equally to this work.<\/li>\n<\/ol>\n","protected":false},"excerpt":{"rendered":"<p>There is a new Jagoda Lab website &#8211; the site has been moved to https:\/\/jagodalab.amu.edu.pl\/cooperation\/ Micro\/nano-patterns for enhancing differentiation of human neural stem cells and fabrication of nerve conduits via soft lithography and 3D printing; Litowczenko, JK. Wychowaniec, K. Za\u0142\u0119ski, \u0141. Marczak, CJC. Edwards-Gayle, K. Tadyszak, BM Maciejewska Biomaterials Advances Volume 154, November 2023, Formerly [&hellip;]<\/p>\n","protected":false},"author":1,"featured_media":0,"parent":0,"menu_order":0,"comment_status":"closed","ping_status":"closed","template":"","meta":{"footnotes":""},"class_list":["post-62","page","type-page","status-publish","hentry"],"_links":{"self":[{"href":"https:\/\/tissueeng.amu.edu.pl\/opis-projektu\/projects\/wp-json\/wp\/v2\/pages\/62","targetHints":{"allow":["GET"]}}],"collection":[{"href":"https:\/\/tissueeng.amu.edu.pl\/opis-projektu\/projects\/wp-json\/wp\/v2\/pages"}],"about":[{"href":"https:\/\/tissueeng.amu.edu.pl\/opis-projektu\/projects\/wp-json\/wp\/v2\/types\/page"}],"author":[{"embeddable":true,"href":"https:\/\/tissueeng.amu.edu.pl\/opis-projektu\/projects\/wp-json\/wp\/v2\/users\/1"}],"replies":[{"embeddable":true,"href":"https:\/\/tissueeng.amu.edu.pl\/opis-projektu\/projects\/wp-json\/wp\/v2\/comments?post=62"}],"version-history":[{"count":15,"href":"https:\/\/tissueeng.amu.edu.pl\/opis-projektu\/projects\/wp-json\/wp\/v2\/pages\/62\/revisions"}],"predecessor-version":[{"id":693,"href":"https:\/\/tissueeng.amu.edu.pl\/opis-projektu\/projects\/wp-json\/wp\/v2\/pages\/62\/revisions\/693"}],"wp:attachment":[{"href":"https:\/\/tissueeng.amu.edu.pl\/opis-projektu\/projects\/wp-json\/wp\/v2\/media?parent=62"}],"curies":[{"name":"wp","href":"https:\/\/api.w.org\/{rel}","templated":true}]}}